{"id":29,"date":"2015-08-04T00:43:57","date_gmt":"2015-08-04T00:43:57","guid":{"rendered":"https:\/\/www2.igs.ocha.ac.jp\/en\/?page_id=29"},"modified":"2019-09-26T11:11:57","modified_gmt":"2019-09-26T02:11:57","slug":"links","status":"publish","type":"page","link":"https:\/\/www2.igs.ocha.ac.jp\/en\/links\/","title":{"rendered":"Links"},"content":{"rendered":"<h3><span style=\"color: #ff6600;\"><a id=\"1\" style=\"color: #ff6600;\"><\/a>Related Links<\/span><\/h3>\n<ul>\n<li><a href=\"http:\/\/www.dc.ocha.ac.jp\/gender\/sigs\/\" target=\"_blank\" rel=\"noopener\">Doctoral Degree in Interdisciplinary Gender Studies, School of Interdisciplinary Gender Studies, Graduate School of Humanities and Sciences, Ochanomizu University<\/a><\/li>\n<li><a href=\"http:\/\/www.li.ocha.ac.jp\/hum\/chiriog\/chiri.htm\" target=\"_blank\" rel=\"noopener\">Department of Geography\u00a0and Environmental Studies, the Division of Gender and Social Sciences, the Graduate School of Humanities and Sciences, Ochanomizu University<\/a><\/li>\n<li><a href=\"http:\/\/www.soc.ocha.ac.jp\/sfp\/\" target=\"_blank\" rel=\"noopener\">Department of Social\u00a0and Family Policy,\u00a0the Division of Gender and Social Sciences, the Graduate School of Humanities and Sciences, Ochanomizu University<\/a><\/li>\n<li><a href=\"http:\/\/www.dc.ocha.ac.jp\/gender\/devgen\/\" target=\"_blank\" rel=\"noopener\">Department of Gender\u00a0and Development Studies, the Division of Gender and Social Sciences, the Graduate School of Humanities and Sciences, Ochanomizu University<br \/>\n<\/a><\/li>\n<li><a href=\"http:\/\/www-w.cf.ocha.ac.jp\/leader\/\" target=\"_blank\" rel=\"noopener\">The Institute for Global Leadership, Research Organization for the Promotion of Global Women\u2019s Leadership, Ochanomizu University\u00a0<\/a><\/li>\n<li><a href=\"http:\/\/www.ocha.ac.jp\/\" target=\"_blank\" rel=\"noopener\">Ochanomizu University<\/a><\/li>\n<\/ul>\n<p>&nbsp;<\/p>\n<ul>\n<li><a href=\"http:\/\/www.serd.ait.ac.th\/wpserd\/gender-and-development-studies\/\">Gender and Development Studies, the School of Environment, Resources and Development, Asian Institute of Technology (AIT)\u00a0<\/a><\/li>\n<li><a href=\"http:\/\/www.unistra.fr\/index.php?id=332\" target=\"_blank\" rel=\"noopener\">D\u00e9partement d&#8217;\u00e9tudes japonaises, Universit\u00e9 de Strasbourg<\/a><\/li>\n<li><a href=\"http:\/\/ijs.snu.ac.kr\/en\">Institute for Japanese Studies, Seoul National University<\/a><\/li>\n<li><a href=\"https:\/\/connect.apsanet.org\/jaws\/\" target=\"_blank\" rel=\"noopener\">Japan-America Women Political Scientists Symposium, JAWS<\/a><\/li>\n<li><a href=\"https:\/\/www.ntnu.edu\/kult\/units\/skf\" target=\"_blank\" rel=\"noopener\">Center for Gender Studies,\u00a0Norwegian University of Science and Technology<\/a>\n<ul>\n<li><a href=\"https:\/\/www.ntnu.edu\/nj-breged\" target=\"_blank\" rel=\"noopener\">Norway-Japan: Bridging Research and Education in Gender Equality and Diversity<\/a><br \/>\n<hr \/>\n<\/li>\n<\/ul>\n<\/li>\n<\/ul>\n<p style=\"padding-left: 30px;\"><span style=\"font-size: 8pt;\"><span style=\"color: #ff6600;\"><a style=\"color: #ff6600;\" href=\"#link01\"><i id=\"fac_69e1eaa699fe7\" class=\"fa fa-angle-double-right\"><\/i>\nGovernment institutions<br \/>\n<\/a><a style=\"color: #ff6600;\" href=\"#link02\"><i id=\"fac_69e1eaa69a5d4\" class=\"fa fa-angle-double-right\"><\/i>\nWomen&#8217;s center<br \/>\n<\/a><a style=\"color: #ff6600;\" href=\"#link03\"><i id=\"fac_69e1eaa69a9df\" class=\"fa fa-angle-double-right\"><\/i>\nAcademic association<br \/>\n<\/a><\/span><span style=\"color: #ff6600;\"><a style=\"color: #ff6600;\" href=\"#link04\"><i id=\"fac_69e1eaa69adbe\" class=\"fa fa-angle-double-right\"><\/i>\nResearch Institute of Women&#8217;s\/Gender Studies in Japanese Universities<br \/>\n<\/a><\/span><span style=\"color: #ff6600;\"><a style=\"color: #ff6600;\" href=\"#link05\"><i id=\"fac_69e1eaa69b18d\" class=\"fa fa-angle-double-right\"><\/i>\nJapanese NGOs<br \/>\n<\/a><\/span><span style=\"color: #ff6600;\"><a style=\"color: #ff6600;\" href=\"#link06\"><i id=\"fac_69e1eaa69b566\" class=\"fa fa-angle-double-right\"><\/i>\nInternational resources for women&#8217;s studies<br \/>\n<\/a><\/span><span style=\"color: #ff6600;\"><a style=\"color: #ff6600;\" href=\"#link07\"><i id=\"fac_69e1eaa69b939\" class=\"fa fa-angle-double-right\"><\/i>\nInternational NGO<br \/>\n<\/a><\/span><span style=\"color: #ff6600;\"><a style=\"color: #ff6600;\" href=\"#link08\"><i id=\"fac_69e1eaa69bd10\" class=\"fa fa-angle-double-right\"><\/i>\nUnited Nations\/ International Cooperation Agency<\/a><\/span><\/span><\/p>\n<h3 id=\"link01\"><span style=\"color: #ff6600;\">Government institutions<\/span><\/h3>\n<ul class=\"links\">\n<li><a href=\"http:\/\/www.gender.go.jp\/english_contents\/index.html\" target=\"_blank\" rel=\"noopener\">Gender Equality Bureau Cabinet Office<\/a><\/li>\n<li><a href=\"http:\/\/www.ipss.go.jp\/index-e.html\" target=\"_blank\" rel=\"noopener\">National Institute of Population and Social Security Research<\/a><\/li>\n<li><a href=\"http:\/\/www.jica.go.jp\/english\/index.html\" target=\"_blank\" rel=\"noopener\">Women and Development, Japan International Cooperation Agency (JICA)\uff08JICA)<\/a><\/li>\n<li><a href=\"http:\/\/www.jbic.go.jp\/en\" target=\"_blank\" rel=\"noopener\">Japan Bank for International Cooperation (JBIC)<\/a><\/li>\n<\/ul>\n<p class=\"pagetop\" style=\"text-align: right;\"><a href=\"#1\"><i id=\"fac_69e1eaa69c0ea\" class=\"fa fa-arrow-up\"><\/i>\nTop of the page<\/a><\/p>\n<h3 id=\"link02\"><span style=\"color: #ff6600;\">Women&#8217;s center<\/span><\/h3>\n<ul class=\"links\">\n<li><a href=\"http:\/\/www.nwec.jp\/en\/\" target=\"_blank\" rel=\"noopener\">National Women&#8217;s Education Center\u3000<\/a><\/li>\n<li><a href=\"http:\/\/www.kfaw.or.jp\/index.html.en\" target=\"_blank\" rel=\"noopener\">Kitakyusyu Forum on Asian Women<\/a><\/li>\n<li><a href=\"http:\/\/www.dawncenter.or.jp\/english\/index.html\" target=\"_blank\" rel=\"noopener\">Dawn Centre, Osaka Prefectural Women&#8217;s Centre<\/a><\/li>\n<\/ul>\n<div id=\"main\">\n<h3 id=\"link03\"><span style=\"color: #ff6600;\">Academic association<\/span><\/h3>\n<ul class=\"links\">\n<li><a href=\"http:\/\/joseigakkai-jp.org\/english-home\/\" target=\"_blank\" rel=\"noopener\">Women&#8217;s Studies Association of Japan<\/a><\/li>\n<li><a href=\"http:\/\/jssgs.org\/jssgshpblog\/\" target=\"_blank\" rel=\"noopener\">Japan Society for Sport and Gender<\/a><\/li>\n<li><a href=\"http:\/\/www.iaffe.org\/\" target=\"_blank\" rel=\"noopener\">International Association for Feminist Economics (IAFFE)<\/a><\/li>\n<li><a href=\"https:\/\/apsanet.org\/\" target=\"_blank\" rel=\"noopener\">American Political Science Association (APSA)<\/a><\/li>\n<\/ul>\n<h3 id=\"link04\"><span style=\"color: #ff6600;\">Research Institute of Women&#8217;s\/Gender Studies in Japanese Universities<\/span><\/h3>\n<ul class=\"links\">\n<li><a href=\"http:\/\/lab.twcu.ac.jp\/iws\/home_e.htm\" target=\"_blank\" rel=\"noopener\">Institute for Women&#8217;s Studies, Tokyo Woman&#8217;s Christian University<\/a><\/li>\n<li><a href=\"http:\/\/www.aasa.ac.jp\/institution\/igws\/english\/index.html\" target=\"_blank\" rel=\"noopener\">Institute for Gender and Women&#8217;s Studies, Aichisyukutoku University<\/a><\/li>\n<li><a href=\"http:\/\/web.icu.ac.jp\/cgs_e\/\" target=\"_blank\" rel=\"noopener\">Center for Gender Studies, Internaitonal Christian University<\/a><\/li>\n<li><a href=\"http:\/\/www.law.tohoku.ac.jp\/gemc\/en\/index.html\" target=\"_blank\" rel=\"noopener\">Gender Law and Policy Centre, Tohoku University<\/a><\/li>\n<\/ul>\n<h3 id=\"link05\"><span style=\"color: #ff6600;\">Japanese NGOs<\/span><\/h3>\n<ul class=\"links\">\n<li><a href=\"http:\/\/www.ajwrc.org\/eng\/\" target=\"_blank\" rel=\"noopener\">Asia-Japan Women&#8217;s Resource Centre<\/a><\/li>\n<li><a href=\"http:\/\/www.jaiwr.org\/english\/index.html\" target=\"_blank\" rel=\"noopener\">Japanse Association of International Women&#8217;s Rights<\/a><\/li>\n<li><a href=\"http:\/\/www.jca.apc.org\/fem\/\" target=\"_blank\" rel=\"noopener\">fem-net<\/a><\/li>\n<li><a href=\"http:\/\/www.projectjapanwomen.net\/#!aboutnetwork\/cnjg\" target=\"_blank\" rel=\"noopener\">Project Japan Women&#8217;s &amp; Human Rights Network<\/a><\/li>\n<\/ul>\n<p class=\"pagetop\" style=\"text-align: right;\"><a href=\"#1\"><i id=\"fac_69e1eaa69c4b8\" class=\"fa fa-arrow-up\"><\/i>\nTop of the page<\/a><\/p>\n<h3 id=\"link06\"><span style=\"color: #ff6600;\">International resources for women&#8217;s studies<\/span><\/h3>\n<ul class=\"links\">\n<li><a href=\"http:\/\/userpages.umbc.edu\/~korenman\/wmst\/programs.html\" target=\"_blank\" rel=\"noopener\">Women&#8217;s Studies Programs, Departments, &amp; Research Centers<\/a><\/li>\n<li><a href=\"http:\/\/www.lgbtcampus.org\/\" target=\"_blank\" rel=\"noopener\">National Consortium of Directors, LGBT resources in Higher Education<\/a><\/li>\n<\/ul>\n<p><strong>Asia<\/strong><\/p>\n<ul class=\"links\">\n<li><a href=\"http:\/\/www.ewha.ac.kr\/mbs\/ewhaen\/subview.jsp?id=ewhaen_040301010800\" target=\"_blank\" rel=\"noopener\">Korean Women&#8217;s Insititute, Ewha Womans University, Korea<\/a><\/li>\n<li><a href=\"http:\/\/ijg.sagepub.com\/\" target=\"_blank\" rel=\"noopener\">Indian Journal of Gender Studies\u3000<\/a><\/li>\n<li><a href=\"http:\/\/sex.ncu.edu.tw\/\" target=\"_blank\" rel=\"noopener\">The Center for the Study of Sexualities, National Central University, Taiwan<\/a><\/li>\n<li><a href=\"http:\/\/www.serd.ait.ac.th\/wpserd\/gender-and-development-studies\/\" target=\"_blank\" rel=\"noopener\">Gender and Development Studies, School of Environment, Resources and Development, Asian Institute of Technology, Thailand<\/a><\/li>\n<\/ul>\n<p><strong>Oceania<\/strong><\/p>\n<ul class=\"links\">\n<li><a href=\"http:\/\/arts.monash.edu.au\/womens-studies\/\" target=\"_blank\" rel=\"noopener\">Women&#8217;s Studies, The Centre for Women&#8217;s Studies and Gender Research (CWSGR), Monash University, Australia<\/a><\/li>\n<li><a href=\"http:\/\/www.unisa.edu.au\/research\/research-centre-for-gender-studies\/\" target=\"_blank\" rel=\"noopener\">Research Center for Gender Studies, University of South Australia<\/a><\/li>\n<li><a href=\"http:\/\/genderinstitute.anu.edu.au\/\" target=\"_blank\" rel=\"noopener\">Gender Relations Center, Australian National University, Australia<\/a><\/li>\n<li><a href=\"http:\/\/www.waikato.ac.nz\/study\/subjects\/wgst.shtml\" target=\"_blank\" rel=\"noopener\">Womens&#8217; and Gender Studies, University of Waikato, New Zealand<\/a><\/li>\n<\/ul>\n<p style=\"text-align: right;\"><a href=\"#1\"><i id=\"fac_69e1eaa69c88e\" class=\"fa fa-arrow-up\"><\/i>\nTop of the page<\/a><\/p>\n<p><strong>North America<\/strong><\/p>\n<ul class=\"links\">\n<li><a href=\"http:\/\/www.artemisguide.com\/\" target=\"_blank\" rel=\"noopener\">Artemis Guide to Women&#8217;s Studies, USA<\/a><\/li>\n<li><a href=\"http:\/\/www.cwgl.rutgers.edu\/\" target=\"_blank\" rel=\"noopener\">Center for Women&#8217;s Global Leadership, Rutgers University<\/a><\/li>\n<li><a href=\"http:\/\/www.clarku.edu\/departments\/womensstudies\/\" target=\"_blank\" rel=\"noopener\">Women&#8217;s and Gender Studies, Clark University<\/a><\/li>\n<li><a href=\"http:\/\/womenstudies.duke.edu\" target=\"_blank\" rel=\"noopener\">Women&#8217;s Studies, Duke University<\/a><\/li>\n<li><a href=\"http:\/\/www.princeton.edu\/~gender\/\" target=\"_blank\" rel=\"noopener\">Gender and Development Policy Network, Princeton University<\/a><\/li>\n<li><a href=\"http:\/\/www.smith.edu\/wst\/gradlinks.html\" target=\"_blank\" rel=\"noopener\">Study of Women and Gender, Smith College, Women&#8217;s Studies Program<\/a><\/li>\n<li><a href=\"http:\/\/wgss.osu.edu\/\" target=\"_blank\" rel=\"noopener\">Women&#8217;s, Gender and Sexuality Studies, Ohio State University<\/a><\/li>\n<li><a href=\"http:\/\/gendersexuality.uchicago.edu\" target=\"_blank\" rel=\"noopener\">The Center for the Study of Gender and Sexuality, Chicago University<\/a><\/li>\n<li><a href=\"http:\/\/wrc.msu.edu\/\" target=\"_blank\" rel=\"noopener\">Women\u2019s Resource Center (WRC), Michigan State University<\/a><\/li>\n<li><a href=\"http:\/\/womensstudies.berkeley.edu\/\" target=\"_blank\" rel=\"noopener\">Gender &amp; Women&#8217;s Studies, University of California, Berkeley<\/a><\/li>\n<li><a href=\"http:\/\/www.humanities.uci.edu\/genderandsexualitystudies\/\" target=\"_blank\" rel=\"noopener\">Gender and Sexuality Studies, University of California, Irvine<\/a><\/li>\n<li><a href=\"http:\/\/feministstudies.ucsc.edu\" target=\"_blank\" rel=\"noopener\">Feminist Studies, University of California, Santa Cruz<\/a><\/li>\n<li><a href=\"http:\/\/www.lsa.umich.edu\/women\/\" target=\"_blank\" rel=\"noopener\">Women\u2019s Studies, University of Michigan<\/a><\/li>\n<li><a href=\"https:\/\/gwss.washington.edu\" target=\"_blank\" rel=\"noopener\">Department of Gender, Women &amp; Sexuality Stuides, University of Washington<\/a><\/li>\n<\/ul>\n<p><strong>South America\u00a0<\/strong><\/p>\n<ul class=\"links\">\n<li><a href=\"http:\/\/lanic.utexas.edu\/la\/region\/women\/\" target=\"_blank\" rel=\"noopener\">Women and Gender Studies, Latin America Network Information Center<\/a><\/li>\n<li><a href=\"http:\/\/www.cotidianomujer.org.uy\/\" target=\"_blank\" rel=\"noopener\">Cotidiano mujer<\/a><!---\n\n\t\n\t\n\t\n\t\n\t\n\t\n\n<li><a href=\"http:\/\/www.creatividadfeminista.org\/\" target=\"_blank\">Creatividad feminista<\/a><\/li>\n\n\n\n\n<p>---><\/li>\n<li><a href=\"http:\/\/www.nodo50.org\/mujeresred\/feminismo.htm\" target=\"_blank\" rel=\"noopener\">Feminismos Mujeres en red<\/a><\/li>\n<li><a href=\"http:\/\/www.libreriademujeres.com.ar\/\" target=\"_blank\" rel=\"noopener\">Libreria de Mujeres<\/a><!---\n\n\t\n\t\n\t\n\t\n\t\n\t\n\n<li><a href=\"http:\/\/derechoshumanos.laneta.org\/\" target=\"_blank\">Mujer derechos humanos La Neta<\/a><\/li>\n\n\n\n\n<p>---><\/li>\n<li><a href=\"http:\/\/www.eurosur.org\/FLACSO\/mujeres\/\" target=\"_blank\" rel=\"noopener\">Mujeres latinoamericanas en Cifras<\/a><\/li>\n<\/ul>\n<p><strong>Europe<\/strong><\/p>\n<ul class=\"links\">\n<li><a href=\"http:\/\/www.bridge.ids.ac.uk\/\" target=\"_blank\" rel=\"noopener\">Bridge, Institute of Development Studies, University of Sussex<\/a><\/li>\n<li><a href=\"http:\/\/www.haut-conseil-egalite.gouv.fr\" target=\"_blank\" rel=\"noopener\">Haut Conseil \u00e0 l&#8217;\u00e9galit\u00e9 entre les femmes et les hommes<\/a><\/li>\n<li><a href=\"http:\/\/www.wagnet.ox.ac.uk\/\" target=\"_blank\" rel=\"noopener\">Women and Gender in Chinese Studies Network (WAGNET)<\/a><!---\n\n\t\n\t\n\t\n\t\n\t\n\t\n\n<li><a href=\"http:\/\/www.penelopes.org\/xhome.php3\" target=\"_blank\">Les Penelopes<\/a><\/li>\n\n\n\n\n<p>---><\/li>\n<\/ul>\n<p><strong>Africa<\/strong><\/p>\n<ul class=\"links\">\n<li><a href=\"http:\/\/agi.ac.za\/\" target=\"_blank\" rel=\"noopener\">African Gender Institute, The University of Cape Town, South Africa<\/a><\/li>\n<li><a href=\"https:\/\/www.uwc.ac.za\/Faculties\/ART\/WGS\/Pages\/default.aspx\" target=\"_blank\" rel=\"noopener\">Women&#8217;s and Gender Studies, University of Western Cape, South Africa<\/a><\/li>\n<li><a href=\"http:\/\/womenstudies.mak.ac.ug\/\" target=\"_blank\" rel=\"noopener\">Department of Women and Gender Studies, Makerere University, Uganda<\/a><!---\n\n\t\n\t\n\t\n\t\n\t\n\t\n\n<li><a href=\"http:\/\/www.isp.msu.edu\/AfricanStudies\/AfrWmsResources.htm\" target=\"_blank\">African Women Resources<\/a><\/li>\n\n\n\n\n<p>---><\/li>\n<\/ul>\n<p class=\"pagetop\" style=\"text-align: right;\"><a href=\"#1\"><i id=\"fac_69e1eaa69cc6e\" class=\"fa fa-arrow-up\"><\/i>\nTop of the page<\/a><\/p>\n<h3 id=\"link08\"><span style=\"color: #ff6600;\">International NGO<\/span><\/h3>\n<ul class=\"links\">\n<li><a href=\"http:\/\/www.aworc.org\/org\/front.html\" target=\"_blank\" rel=\"noopener\">Asian Women&#8217;s Resource Exchange (AWORC)<\/a><\/li>\n<li><a href=\"http:\/\/www.dawnnet.org\/\" target=\"_blank\" rel=\"noopener\">Development Alternatives with Women for a New Era (DAWN)<\/a><\/li>\n<li><a href=\"http:\/\/dawnphil.org\/\" target=\"_blank\" rel=\"noopener\">Development Action for Women Network (DAWN)<\/a><\/li>\n<li><a href=\"http:\/\/www.cgiar.org\/\" target=\"_blank\" rel=\"noopener\">Gender &amp; Diversity (A program of the consultative group on international agricultural research, CGIAR)<\/a><!---\n\n\t\n\t\n\t\n\t\n\t\n\t\n\n<li><a href=\"http:\/\/www.nctv.co.jp\/~ficap-j\/\" target=\"_blank\">Filipina Circle for Advancement and Progress (FICAP)\u3000<\/a><\/li>\n\n\n\n\n<p>---><\/li>\n<li><a href=\"http:\/\/www.sewa.org\/\" target=\"_blank\" rel=\"noopener\">Self-Employed Women&#8217;s Association (SEWA)<\/a><\/li>\n<li><a href=\"http:\/\/www.wiego.org\/\" target=\"_blank\" rel=\"noopener\">Women in Informal Employment Globalizing and Organizing (WIEGO)<\/a><\/li>\n<li><a href=\"http:\/\/www.wilpf.org\/\" target=\"_blank\" rel=\"noopener\">Women&#8217;s International League for Peace and Freedom<\/a><\/li>\n<li><a href=\"http:\/\/www.ywca.org\/\" target=\"_blank\" rel=\"noopener\">YWCA USA<\/a><\/li>\n<li><a href=\"http:\/\/www.voicesofwomen.org\/\" target=\"_blank\" rel=\"noopener\">Voices of women<\/a><\/li>\n<\/ul>\n<h3 id=\"link09\"><span style=\"color: #ff6600;\">United Nations\/ International Cooperation Agency<\/span><\/h3>\n<ul class=\"links\">\n<li><a href=\"http:\/\/www.adb.org\/themes\/gender\/main\" target=\"_blank\" rel=\"noopener\">Gender and Development, Asian Development Bank<\/a><\/li>\n<li><a href=\"http:\/\/www.un.org\/womenwatch\/daw\/cedaw\/\" target=\"_blank\" rel=\"noopener\">Division for the Advancement of Women, UN<\/a><\/li>\n<li><a href=\"http:\/\/www.international.gc.ca\/rights-droits\/women-femmes\/equality-egalite.aspx?lang=eng\" target=\"_blank\" rel=\"noopener\">Gender Equality, Canadian International Development Agency <\/a><\/li>\n<li><a href=\"http:\/\/www.fao.org\/Gender\/gender.htm\" target=\"_blank\" rel=\"noopener\">Gender and food security, Food and Agriculture Organisation (FAO)<\/a><\/li>\n<li><a href=\"http:\/\/www.ilo.org\/global\/topics\/equality-and-discrimination\/gender-equality\/lang--en\/index.htm\" target=\"_blank\" rel=\"noopener\">Gender Equality -International Labor Organisation<\/a><\/li>\n<li><a href=\"http:\/\/www.unfoundation.org\/how-to-help\/donate\/instraw.html\" target=\"_blank\" rel=\"noopener\">United Nations International Research and Training for the Advancement of Women (INSTRAW)<\/a><\/li>\n<li><a href=\"http:\/\/www.unwomen.org\/\" target=\"_blank\" rel=\"noopener\">UN Women <\/a><\/li>\n<li><a href=\"http:\/\/www.unescap.org\/\" target=\"_blank\" rel=\"noopener\">UN Economic and Social Commission for Asia and the Pacific (ESCAP)<\/a><\/li>\n<li><a href=\"http:\/\/www.unicef.org\/gender\/\" target=\"_blank\" rel=\"noopener\">Gender Equality, UN Children&#8217;s Fund (UNICEF)<\/a><\/li>\n<li><a href=\"http:\/\/www.ohchr.org\/\" target=\"_blank\" rel=\"noopener\">Office of the UN High Commissioner for Human Rights<\/a><\/li>\n<li><a href=\"http:\/\/www.worldbank.org\/en\/topic\/gender\" target=\"_blank\" rel=\"noopener\">Gender, World Bank<br \/>\n<\/a><\/li>\n<\/ul>\n<p class=\"pagetop\" style=\"text-align: right;\"><a href=\"#1\"><i id=\"fac_69e1eaa69d058\" class=\"fa fa-arrow-up\"><\/i>\nTop of the page<\/a><\/p>\n<\/div>\n","protected":false},"excerpt":{"rendered":"Related Links Doctoral Degree in Interdisciplinary Gender Studies, School of Interdisciplinary Gender Studies, [&hellip;]","protected":false},"author":2,"featured_media":0,"parent":0,"menu_order":6,"comment_status":"closed","ping_status":"closed","template":"page-noside.php","meta":{"footnotes":""},"class_list":["post-29","page","type-page","status-publish","hentry"],"_links":{"self":[{"href":"https:\/\/www2.igs.ocha.ac.jp\/en\/wp-json\/wp\/v2\/pages\/29","targetHints":{"allow":["GET"]}}],"collection":[{"href":"https:\/\/www2.igs.ocha.ac.jp\/en\/wp-json\/wp\/v2\/pages"}],"about":[{"href":"https:\/\/www2.igs.ocha.ac.jp\/en\/wp-json\/wp\/v2\/types\/page"}],"author":[{"embeddable":true,"href":"https:\/\/www2.igs.ocha.ac.jp\/en\/wp-json\/wp\/v2\/users\/2"}],"replies":[{"embeddable":true,"href":"https:\/\/www2.igs.ocha.ac.jp\/en\/wp-json\/wp\/v2\/comments?post=29"}],"version-history":[{"count":22,"href":"https:\/\/www2.igs.ocha.ac.jp\/en\/wp-json\/wp\/v2\/pages\/29\/revisions"}],"predecessor-version":[{"id":4713,"href":"https:\/\/www2.igs.ocha.ac.jp\/en\/wp-json\/wp\/v2\/pages\/29\/revisions\/4713"}],"wp:attachment":[{"href":"https:\/\/www2.igs.ocha.ac.jp\/en\/wp-json\/wp\/v2\/media?parent=29"}],"curies":[{"name":"wp","href":"https:\/\/api.w.org\/{rel}","templated":true}]}}